{"id":23758,"date":"2022-05-09T08:16:39","date_gmt":"2022-05-09T08:16:39","guid":{"rendered":"https:\/\/eltexrecycling.ro\/blog\/"},"modified":"2026-01-30T15:35:17","modified_gmt":"2026-01-30T15:35:17","slug":"blog","status":"publish","type":"page","link":"https:\/\/www.verdum.ro\/en\/blog\/","title":{"rendered":"Blog"},"content":{"rendered":"\t\t<div data-elementor-type=\"wp-page\" data-elementor-id=\"23758\" class=\"elementor elementor-23758\">\n\t\t\t\t\t\t\t        <section class=\"elementor-section elementor-top-section elementor-element elementor-element-78ef2d23 elementor-section-stretched elementor-section-full_width elementor-section-height-default elementor-section-height-default\" data-id=\"78ef2d23\" data-element_type=\"section\" data-settings=\"{&quot;stretch_section&quot;:&quot;section-stretched&quot;,&quot;background_background&quot;:&quot;classic&quot;}\">\n                            <div class=\"elementor-background-overlay\"><\/div>\n                \n                        <div class=\"elementor-container elementor-column-gap-default \">\n                    <div class=\"elementor-column elementor-col-100 elementor-top-column elementor-element elementor-element-65bc559d\" data-id=\"65bc559d\" data-element_type=\"column\">\n            <div class=\"elementor-widget-wrap elementor-element-populated\">\n                                <section class=\"elementor-section elementor-inner-section elementor-element elementor-element-6a92042 elementor-section-full_width elementor-section-height-default elementor-section-height-default\" data-id=\"6a92042\" data-element_type=\"section\">\n            \n                        <div class=\"elementor-container elementor-column-gap-default \">\n                    <div class=\"elementor-column elementor-col-100 elementor-inner-column elementor-element elementor-element-3c16c013\" data-id=\"3c16c013\" data-element_type=\"column\">\n            <div class=\"elementor-widget-wrap elementor-element-populated\">\n                        \t\t<div class=\"elementor-element elementor-element-63857926 elementor-widget elementor-widget-cms_heading\" data-id=\"63857926\" data-element_type=\"widget\" data-widget_type=\"cms_heading.default\">\n\t\t\t\t<div class=\"elementor-widget-container\">\n\t\t\t<div class=\"cms-heading-wrapper cms-heading-layout1\">\r\n    \r\n            <h1 class=\"custom-heading\">\r\n            <span >Blog<\/span>\r\n        <\/h1>\r\n        \r\n    <\/div>\t\t<\/div>\n\t\t\t\t<\/div>\n\t\t            <\/div>\n        <\/div>\n                            <\/div>\n        <\/section>\n        \t\t<div class=\"elementor-element elementor-element-5af93ae2 elementor-widget elementor-widget-spacer\" data-id=\"5af93ae2\" data-element_type=\"widget\" data-widget_type=\"spacer.default\">\n\t\t\t\t<div class=\"elementor-widget-container\">\n\t\t\t<style>\/*! elementor - v3.18.0 - 20-12-2023 *\/\n.elementor-column .elementor-spacer-inner{height:var(--spacer-size)}.e-con{--container-widget-width:100%}.e-con-inner>.elementor-widget-spacer,.e-con>.elementor-widget-spacer{width:var(--container-widget-width,var(--spacer-size));--align-self:var(--container-widget-align-self,initial);--flex-shrink:0}.e-con-inner>.elementor-widget-spacer>.elementor-widget-container,.e-con>.elementor-widget-spacer>.elementor-widget-container{height:100%;width:100%}.e-con-inner>.elementor-widget-spacer>.elementor-widget-container>.elementor-spacer,.e-con>.elementor-widget-spacer>.elementor-widget-container>.elementor-spacer{height:100%}.e-con-inner>.elementor-widget-spacer>.elementor-widget-container>.elementor-spacer>.elementor-spacer-inner,.e-con>.elementor-widget-spacer>.elementor-widget-container>.elementor-spacer>.elementor-spacer-inner{height:var(--container-widget-height,var(--spacer-size))}.e-con-inner>.elementor-widget-spacer.elementor-widget-empty,.e-con>.elementor-widget-spacer.elementor-widget-empty{position:relative;min-height:22px;min-width:22px}.e-con-inner>.elementor-widget-spacer.elementor-widget-empty .elementor-widget-empty-icon,.e-con>.elementor-widget-spacer.elementor-widget-empty .elementor-widget-empty-icon{position:absolute;top:0;bottom:0;left:0;right:0;margin:auto;padding:0;width:22px;height:22px}<\/style>\t\t<div class=\"elementor-spacer\">\n\t\t\t<div class=\"elementor-spacer-inner\"><\/div>\n\t\t<\/div>\n\t\t\t\t<\/div>\n\t\t\t\t<\/div>\n\t\t\t\t<div class=\"elementor-element elementor-element-373ed0ff elementor-widget elementor-widget-cms_breadcrumb\" data-id=\"373ed0ff\" data-element_type=\"widget\" data-widget_type=\"cms_breadcrumb.default\">\n\t\t\t\t<div class=\"elementor-widget-container\">\n\t\t\t<ul class=\"cms-breadcrumb\"><li><span class=\"breadcrumb-entry\">Home<\/span><\/li><\/ul>\t\t<\/div>\n\t\t\t\t<\/div>\n\t\t            <\/div>\n        <\/div>\n                            <\/div>\n        <\/section>\n                <section class=\"elementor-section elementor-top-section elementor-element elementor-element-bf5e9a2 elementor-section-boxed elementor-section-height-default elementor-section-height-default\" data-id=\"bf5e9a2\" data-element_type=\"section\">\n            \n                        <div class=\"elementor-container elementor-column-gap-default \">\n                    <div class=\"elementor-column elementor-col-100 elementor-top-column elementor-element elementor-element-e2ae16a\" data-id=\"e2ae16a\" data-element_type=\"column\">\n            <div class=\"elementor-widget-wrap elementor-element-populated\">\n                        \t\t<div class=\"elementor-element elementor-element-576ddc3 elementor-widget elementor-widget-cms_post_grid\" data-id=\"576ddc3\" data-element_type=\"widget\" data-widget_type=\"cms_post_grid.default\">\n\t\t\t\t<div class=\"elementor-widget-container\">\n\t\t\t\r\n<div id=\"cms_post_grid-576ddc3\" class=\"cms-grid cms-post-grid-layout1\" data-layout=\"basic\" data-start-page=\"1\" data-max-pages=\"1\" data-total=\"4\" data-perpage=\"9\" data-next-link=\"\">\r\n    <div class=\"cms-grid-overlay\"><\/div>\r\n    \r\n    <div class=\"cms-grid-inner row animation-time\" data-gutter=\"15\">\r\n                                <div class=\"grid-item col-xl-4 col-lg-4 col-md-4 col-sm-6 col-12 \">\r\n                    <div class=\"grid-item-inner\">\r\n                                                    <div class=\"entry-featured\">\r\n                                <div class=\"post-image\">\r\n                                    <a href=\"https:\/\/www.verdum.ro\/en\/blog-en\/o-singura-solutie-toate-deseurile-fabrica\/\"><img decoding=\"async\" class=\"\" src=\"https:\/\/www.verdum.ro\/wp-content\/uploads\/2022\/05\/o-singura-solutie-768x568.jpg\" width=\"768\" height=\"568\" alt=\"Solutii complete reciclare\" title=\"o-singura-solutie\" \/><\/a>\r\n                                <\/div>\r\n                                                            <\/div>\r\n                                                <div class=\"entry-body\">\r\n                            <ul class=\"entry-meta\">\r\n                                                                    <li class=\"post-date\">9 May 2022<\/li>\r\n                                                                                                    <li class=\"author\">\r\n                                        <a href=\"https:\/\/www.verdum.ro\/en\/author\/mihaela\/\">Verdum<\/a><\/li>\r\n                                                            <\/ul>\r\n                            <h3 class=\"entry-title\">\r\n                                <a href=\"https:\/\/www.verdum.ro\/en\/blog-en\/o-singura-solutie-toate-deseurile-fabrica\/\">O singur\u0103 solu\u021bie pentru toate de\u0219eurile din fabric\u0103<\/a>\r\n                            <\/h3>\r\n                                                            <div class=\"entry-content\">\r\n                                    Indiferent de domeniul de activitate, organiza\u021biile acumuleaz\u0103 de\u0219euri, fie c\u0103 vorbim de de\u0219euri textile, de\u0219euri electrice \u0219i electronice sau de\u0219euri reziduale, este aproape imposibil s\u0103&hellip;                                <\/div>\r\n                                                                                        <div class=\"entry-readmore\">\r\n                                    <a class=\"btn-more\" href=\"https:\/\/www.verdum.ro\/en\/blog-en\/o-singura-solutie-toate-deseurile-fabrica\/\">\r\n                                        <span>Cite\u0219te mai mult<\/span>\r\n                                        <i class=\"fas fac-arrow-right\"><\/i>\r\n                                    <\/a>\r\n                                <\/div>\r\n                                                    <\/div>\r\n                    <\/div>\r\n                <\/div>\r\n                            <div class=\"grid-item col-xl-4 col-lg-4 col-md-4 col-sm-6 col-12 \">\r\n                    <div class=\"grid-item-inner\">\r\n                                                    <div class=\"entry-featured\">\r\n                                <div class=\"post-image\">\r\n                                    <a href=\"https:\/\/www.verdum.ro\/en\/blog-en\/evidenta-gestiunii-deseurilor-platforme-it\/\"><img loading=\"lazy\" decoding=\"async\" class=\"\" src=\"https:\/\/www.verdum.ro\/wp-content\/uploads\/2022\/05\/gestiune-deseuri-software-768x568.jpg\" width=\"768\" height=\"568\" alt=\"Evidenta gestiunii deseurilor\" title=\"gestiune-deseuri-software\" \/><\/a>\r\n                                <\/div>\r\n                                                            <\/div>\r\n                                                <div class=\"entry-body\">\r\n                            <ul class=\"entry-meta\">\r\n                                                                    <li class=\"post-date\">9 May 2022<\/li>\r\n                                                                                                    <li class=\"author\">\r\n                                        <a href=\"https:\/\/www.verdum.ro\/en\/author\/mihaela\/\">Verdum<\/a><\/li>\r\n                                                            <\/ul>\r\n                            <h3 class=\"entry-title\">\r\n                                <a href=\"https:\/\/www.verdum.ro\/en\/blog-en\/evidenta-gestiunii-deseurilor-platforme-it\/\">Eviden\u021ba gestiunii de\u0219eurilor cu ajutorul unei platforme IT specializat\u0103 de mediu<\/a>\r\n                            <\/h3>\r\n                                                            <div class=\"entry-content\">\r\n                                    Conform HG 856 din 2002, to\u021bi de\u021bin\u0103torii\/produc\u0103torii de de\u0219euri (periculoase \u0219i nepericuloase) persoane juridice, au obliga\u021bia codific\u0103rii \u0219i atribuirii de\u0219eurilor generate a unui cod de&hellip;                                <\/div>\r\n                                                                                        <div class=\"entry-readmore\">\r\n                                    <a class=\"btn-more\" href=\"https:\/\/www.verdum.ro\/en\/blog-en\/evidenta-gestiunii-deseurilor-platforme-it\/\">\r\n                                        <span>Cite\u0219te mai mult<\/span>\r\n                                        <i class=\"fas fac-arrow-right\"><\/i>\r\n                                    <\/a>\r\n                                <\/div>\r\n                                                    <\/div>\r\n                    <\/div>\r\n                <\/div>\r\n                            <div class=\"grid-item col-xl-4 col-lg-4 col-md-4 col-sm-6 col-12 \">\r\n                    <div class=\"grid-item-inner\">\r\n                                                    <div class=\"entry-featured\">\r\n                                <div class=\"post-image\">\r\n                                    <a href=\"https:\/\/www.verdum.ro\/en\/blog-en\/gestionarea-deseurilor-tot-ce-trebuie-sa-stii\/\"><img loading=\"lazy\" decoding=\"async\" class=\"\" src=\"https:\/\/www.verdum.ro\/wp-content\/uploads\/2022\/05\/Eltex_Linkedin_1200x628-2-2-768x568.jpg\" width=\"768\" height=\"568\" alt=\"Gestionare deseuri fabrici\" title=\"gestionare-deseuri-fabrici\" \/><\/a>\r\n                                <\/div>\r\n                                                            <\/div>\r\n                                                <div class=\"entry-body\">\r\n                            <ul class=\"entry-meta\">\r\n                                                                    <li class=\"post-date\">9 May 2022<\/li>\r\n                                                                                                    <li class=\"author\">\r\n                                        <a href=\"https:\/\/www.verdum.ro\/en\/author\/mihaela\/\">Verdum<\/a><\/li>\r\n                                                            <\/ul>\r\n                            <h3 class=\"entry-title\">\r\n                                <a href=\"https:\/\/www.verdum.ro\/en\/blog-en\/gestionarea-deseurilor-tot-ce-trebuie-sa-stii\/\">Gestionarea de\u0219eurilor: Tot ce trebuie sa \u0219tii<\/a>\r\n                            <\/h3>\r\n                                                            <div class=\"entry-content\">\r\n                                    Managementul de\u0219eurilor se refer\u0103 la o serie de activit\u0103\u021bi \u0219i sarcini care sunt realizate pentru a supraveghea gestionarea eficient\u0103, sigur\u0103, ecologic\u0103 \u0219i economic\u0103 a de\u0219eurilor.\u00a0&hellip;                                <\/div>\r\n                                                                                        <div class=\"entry-readmore\">\r\n                                    <a class=\"btn-more\" href=\"https:\/\/www.verdum.ro\/en\/blog-en\/gestionarea-deseurilor-tot-ce-trebuie-sa-stii\/\">\r\n                                        <span>Cite\u0219te mai mult<\/span>\r\n                                        <i class=\"fas fac-arrow-right\"><\/i>\r\n                                    <\/a>\r\n                                <\/div>\r\n                                                    <\/div>\r\n                    <\/div>\r\n                <\/div>\r\n                            <div class=\"grid-item col-xl-4 col-lg-4 col-md-4 col-sm-6 col-12 \">\r\n                    <div class=\"grid-item-inner\">\r\n                                                    <div class=\"entry-featured\">\r\n                                <div class=\"post-image\">\r\n                                    <a href=\"https:\/\/www.verdum.ro\/en\/blog-en\/valorificarea-deseurilor-beneficii-solutii\/\"><img loading=\"lazy\" decoding=\"async\" class=\"\" src=\"https:\/\/www.verdum.ro\/wp-content\/uploads\/2022\/05\/Eltex_Linkedin_1200x628-768x568.jpg\" width=\"768\" height=\"568\" alt=\"Valorificare deseuri\" title=\"valorificare-deseuri\" \/><\/a>\r\n                                <\/div>\r\n                                                            <\/div>\r\n                                                <div class=\"entry-body\">\r\n                            <ul class=\"entry-meta\">\r\n                                                                    <li class=\"post-date\">9 May 2022<\/li>\r\n                                                                                                    <li class=\"author\">\r\n                                        <a href=\"https:\/\/www.verdum.ro\/en\/author\/mihaela\/\">Verdum<\/a><\/li>\r\n                                                            <\/ul>\r\n                            <h3 class=\"entry-title\">\r\n                                <a href=\"https:\/\/www.verdum.ro\/en\/blog-en\/valorificarea-deseurilor-beneficii-solutii\/\">Valorificarea De\u0219eurilor: Beneficii \u0219i Solu\u021bii<\/a>\r\n                            <\/h3>\r\n                                                            <div class=\"entry-content\">\r\n                                    Gestionarea de\u0219eurilor este o problem\u0103 din ce \u00een ce mai mare \u00een societatea actual\u0103. Valorificarea de\u0219eurilor este procesul de transformare a de\u0219eurilor \u00een produse utilizabile&hellip;                                <\/div>\r\n                                                                                        <div class=\"entry-readmore\">\r\n                                    <a class=\"btn-more\" href=\"https:\/\/www.verdum.ro\/en\/blog-en\/valorificarea-deseurilor-beneficii-solutii\/\">\r\n                                        <span>Cite\u0219te mai mult<\/span>\r\n                                        <i class=\"fas fac-arrow-right\"><\/i>\r\n                                    <\/a>\r\n                                <\/div>\r\n                                                    <\/div>\r\n                    <\/div>\r\n                <\/div>\r\n                <\/div>\r\n        <\/div>\t\t<\/div>\n\t\t\t\t<\/div>\n\t\t            <\/div>\n        <\/div>\n                            <\/div>\n        <\/section>\n        \t\t\t\t\t<\/div>\n\t\t","protected":false},"excerpt":{"rendered":"<p>Blog Home 9 mai 2022 Eltex O singur\u0103 solu\u021bie pentru toate de\u0219eurile din fabric\u0103 Blog Home 9 mai 2022 Eltex O singur\u0103 solu\u021bie pentru toate de\u0219eurile din fabric\u0103 Indiferent de domeniul de activitate, organiza\u021biile acumuleaz\u0103 de\u0219euri, fie c\u0103 vorbim\u2026 Cite\u0219te mai mult 9 mai 2022 Eltex Eviden\u021ba gestiunii de\u0219eurilor cu ajutorul unei platforme IT specializat\u0103 [&hellip;]<\/p>\n","protected":false},"author":2,"featured_media":0,"parent":0,"menu_order":0,"comment_status":"closed","ping_status":"closed","template":"","meta":{"_themeisle_gutenberg_block_has_review":false,"footnotes":""},"class_list":["post-23758","page","type-page","status-publish","hentry"],"yoast_head":"<!-- This site is optimized with the Yoast SEO plugin v27.2 - https:\/\/yoast.com\/product\/yoast-seo-wordpress\/ -->\n<title>Verdum Blog \u2013 Waste Management Insights &amp; Sustainability Articles<\/title>\n<meta name=\"description\" content=\"Discover in-depth articles about industrial waste management, recycling processes, circular economy and environmental compliance, written by specialists.\" \/>\n<meta name=\"robots\" content=\"index, follow, max-snippet:-1, max-image-preview:large, max-video-preview:-1\" \/>\n<link rel=\"canonical\" href=\"https:\/\/www.verdum.ro\/en\/blog\/\" \/>\n<meta property=\"og:locale\" content=\"en_US\" \/>\n<meta property=\"og:type\" content=\"article\" \/>\n<meta property=\"og:title\" content=\"Verdum Blog \u2013 Waste Management Insights &amp; Sustainability Articles\" \/>\n<meta property=\"og:description\" content=\"Discover in-depth articles about industrial waste management, recycling processes, circular economy and environmental compliance, written by specialists.\" \/>\n<meta property=\"og:url\" content=\"https:\/\/www.verdum.ro\/en\/blog\/\" \/>\n<meta property=\"og:site_name\" content=\"Verdum\" \/>\n<meta property=\"article:modified_time\" content=\"2026-01-30T15:35:17+00:00\" \/>\n<meta property=\"og:image\" content=\"https:\/\/www.verdum.ro\/wp-content\/uploads\/2022\/05\/o-singura-solutie.jpg\" \/>\n<meta name=\"twitter:card\" content=\"summary_large_image\" \/>\n<meta name=\"twitter:label1\" content=\"Est. reading time\" \/>\n\t<meta name=\"twitter:data1\" content=\"2 minutes\" \/>\n<script type=\"application\/ld+json\" class=\"yoast-schema-graph\">{\"@context\":\"https:\/\/schema.org\",\"@graph\":[{\"@type\":\"WebPage\",\"@id\":\"https:\/\/www.verdum.ro\/en\/blog\/\",\"url\":\"https:\/\/www.verdum.ro\/en\/blog\/\",\"name\":\"Verdum Blog \u2013 Waste Management Insights & Sustainability Articles\",\"isPartOf\":{\"@id\":\"https:\/\/www.verdum.ro\/#website\"},\"primaryImageOfPage\":{\"@id\":\"https:\/\/www.verdum.ro\/en\/blog\/#primaryimage\"},\"image\":{\"@id\":\"https:\/\/www.verdum.ro\/en\/blog\/#primaryimage\"},\"thumbnailUrl\":\"https:\/\/www.verdum.ro\/wp-content\/uploads\/2022\/05\/o-singura-solutie.jpg\",\"datePublished\":\"2022-05-09T08:16:39+00:00\",\"dateModified\":\"2026-01-30T15:35:17+00:00\",\"description\":\"Discover in-depth articles about industrial waste management, recycling processes, circular economy and environmental compliance, written by specialists.\",\"breadcrumb\":{\"@id\":\"https:\/\/www.verdum.ro\/en\/blog\/#breadcrumb\"},\"inLanguage\":\"en-US\",\"potentialAction\":[{\"@type\":\"ReadAction\",\"target\":[\"https:\/\/www.verdum.ro\/en\/blog\/\"]}]},{\"@type\":\"ImageObject\",\"inLanguage\":\"en-US\",\"@id\":\"https:\/\/www.verdum.ro\/en\/blog\/#primaryimage\",\"url\":\"https:\/\/www.verdum.ro\/wp-content\/uploads\/2022\/05\/o-singura-solutie.jpg\",\"contentUrl\":\"https:\/\/www.verdum.ro\/wp-content\/uploads\/2022\/05\/o-singura-solutie.jpg\"},{\"@type\":\"BreadcrumbList\",\"@id\":\"https:\/\/www.verdum.ro\/en\/blog\/#breadcrumb\",\"itemListElement\":[{\"@type\":\"ListItem\",\"position\":1,\"name\":\"Prima pagin\u0103\",\"item\":\"https:\/\/www.verdum.ro\/\"},{\"@type\":\"ListItem\",\"position\":2,\"name\":\"Blog\"}]},{\"@type\":\"WebSite\",\"@id\":\"https:\/\/www.verdum.ro\/#website\",\"url\":\"https:\/\/www.verdum.ro\/\",\"name\":\"Verdum\",\"description\":\"Circularity Driven Solutions\",\"potentialAction\":[{\"@type\":\"SearchAction\",\"target\":{\"@type\":\"EntryPoint\",\"urlTemplate\":\"https:\/\/www.verdum.ro\/?s={search_term_string}\"},\"query-input\":{\"@type\":\"PropertyValueSpecification\",\"valueRequired\":true,\"valueName\":\"search_term_string\"}}],\"inLanguage\":\"en-US\"}]}<\/script>\n<!-- \/ Yoast SEO plugin. -->","yoast_head_json":{"title":"Verdum Blog \u2013 Waste Management Insights & Sustainability Articles","description":"Discover in-depth articles about industrial waste management, recycling processes, circular economy and environmental compliance, written by specialists.","robots":{"index":"index","follow":"follow","max-snippet":"max-snippet:-1","max-image-preview":"max-image-preview:large","max-video-preview":"max-video-preview:-1"},"canonical":"https:\/\/www.verdum.ro\/en\/blog\/","og_locale":"en_US","og_type":"article","og_title":"Verdum Blog \u2013 Waste Management Insights & Sustainability Articles","og_description":"Discover in-depth articles about industrial waste management, recycling processes, circular economy and environmental compliance, written by specialists.","og_url":"https:\/\/www.verdum.ro\/en\/blog\/","og_site_name":"Verdum","article_modified_time":"2026-01-30T15:35:17+00:00","og_image":[{"url":"https:\/\/www.verdum.ro\/wp-content\/uploads\/2022\/05\/o-singura-solutie.jpg","type":"","width":"","height":""}],"twitter_card":"summary_large_image","twitter_misc":{"Est. reading time":"2 minutes"},"schema":{"@context":"https:\/\/schema.org","@graph":[{"@type":"WebPage","@id":"https:\/\/www.verdum.ro\/en\/blog\/","url":"https:\/\/www.verdum.ro\/en\/blog\/","name":"Verdum Blog \u2013 Waste Management Insights & Sustainability Articles","isPartOf":{"@id":"https:\/\/www.verdum.ro\/#website"},"primaryImageOfPage":{"@id":"https:\/\/www.verdum.ro\/en\/blog\/#primaryimage"},"image":{"@id":"https:\/\/www.verdum.ro\/en\/blog\/#primaryimage"},"thumbnailUrl":"https:\/\/www.verdum.ro\/wp-content\/uploads\/2022\/05\/o-singura-solutie.jpg","datePublished":"2022-05-09T08:16:39+00:00","dateModified":"2026-01-30T15:35:17+00:00","description":"Discover in-depth articles about industrial waste management, recycling processes, circular economy and environmental compliance, written by specialists.","breadcrumb":{"@id":"https:\/\/www.verdum.ro\/en\/blog\/#breadcrumb"},"inLanguage":"en-US","potentialAction":[{"@type":"ReadAction","target":["https:\/\/www.verdum.ro\/en\/blog\/"]}]},{"@type":"ImageObject","inLanguage":"en-US","@id":"https:\/\/www.verdum.ro\/en\/blog\/#primaryimage","url":"https:\/\/www.verdum.ro\/wp-content\/uploads\/2022\/05\/o-singura-solutie.jpg","contentUrl":"https:\/\/www.verdum.ro\/wp-content\/uploads\/2022\/05\/o-singura-solutie.jpg"},{"@type":"BreadcrumbList","@id":"https:\/\/www.verdum.ro\/en\/blog\/#breadcrumb","itemListElement":[{"@type":"ListItem","position":1,"name":"Prima pagin\u0103","item":"https:\/\/www.verdum.ro\/"},{"@type":"ListItem","position":2,"name":"Blog"}]},{"@type":"WebSite","@id":"https:\/\/www.verdum.ro\/#website","url":"https:\/\/www.verdum.ro\/","name":"Verdum","description":"Circularity Driven Solutions","potentialAction":[{"@type":"SearchAction","target":{"@type":"EntryPoint","urlTemplate":"https:\/\/www.verdum.ro\/?s={search_term_string}"},"query-input":{"@type":"PropertyValueSpecification","valueRequired":true,"valueName":"search_term_string"}}],"inLanguage":"en-US"}]}},"_links":{"self":[{"href":"https:\/\/www.verdum.ro\/en\/wp-json\/wp\/v2\/pages\/23758","targetHints":{"allow":["GET"]}}],"collection":[{"href":"https:\/\/www.verdum.ro\/en\/wp-json\/wp\/v2\/pages"}],"about":[{"href":"https:\/\/www.verdum.ro\/en\/wp-json\/wp\/v2\/types\/page"}],"author":[{"embeddable":true,"href":"https:\/\/www.verdum.ro\/en\/wp-json\/wp\/v2\/users\/2"}],"replies":[{"embeddable":true,"href":"https:\/\/www.verdum.ro\/en\/wp-json\/wp\/v2\/comments?post=23758"}],"version-history":[{"count":2,"href":"https:\/\/www.verdum.ro\/en\/wp-json\/wp\/v2\/pages\/23758\/revisions"}],"predecessor-version":[{"id":28016,"href":"https:\/\/www.verdum.ro\/en\/wp-json\/wp\/v2\/pages\/23758\/revisions\/28016"}],"wp:attachment":[{"href":"https:\/\/www.verdum.ro\/en\/wp-json\/wp\/v2\/media?parent=23758"}],"curies":[{"name":"wp","href":"https:\/\/api.w.org\/{rel}","templated":true}]}}